{"id":434,"date":"2026-01-25T00:42:50","date_gmt":"2026-01-25T00:42:50","guid":{"rendered":"https:\/\/ciberdefensachile.store\/?page_id=434"},"modified":"2026-02-12T03:25:18","modified_gmt":"2026-02-12T03:25:18","slug":"edicion-limitada-flipper-zero-chile","status":"publish","type":"page","link":"https:\/\/ciberdefensachile.store\/index.php\/edicion-limitada-flipper-zero-chile\/","title":{"rendered":"Edici\u00f3n Limitada Flipper Zero Chile"},"content":{"rendered":"\n<div class=\"wp-block-columns is-layout-flex wp-container-core-columns-is-layout-28f84493 wp-block-columns-is-layout-flex\">\n<div class=\"wp-block-column is-layout-flow wp-block-column-is-layout-flow\">\n<figure class=\"wp-block-gallery has-nested-images columns-default is-cropped wp-block-gallery-1 is-layout-flex wp-block-gallery-is-layout-flex\">\n<figure class=\"wp-block-image size-full\"><img decoding=\"async\" data-id=\"165\" src=\"https:\/\/ciberdefensachile.com\/wp-content\/uploads\/2025\/11\/Diseno-sin-titulo-3.gif\" alt=\"\" class=\"wp-image-165\"\/><\/figure>\n<\/figure>\n<\/div>\n\n\n\n<div class=\"wp-block-column is-layout-flow wp-block-column-is-layout-flow\">\n<h2 class=\"wp-block-heading has-ast-global-color-2-color has-text-color has-link-color wp-elements-e3cb518d8cad3a3e2e6819fb7f417d72\">Edici\u00f3n Limitada Flipper Zero<\/h2>\n\n\n\n<h3 class=\"wp-block-heading has-ast-global-color-2-color has-text-color has-link-color wp-elements-f17af4ed1b05173763cfcfc895fd948e\">$449.990<\/h3>\n\n\n\n<p class=\"has-small-font-size\">El <strong>Flipper Zero Edici\u00f3n Limitada Transparente<\/strong> combina toda la potencia y funcionalidad del dispositivo original con un <strong>dise\u00f1o exclusivo y coleccionable<\/strong>, que deja ver su arquitectura interna y resalta su identidad tecnol\u00f3gica. Esta edici\u00f3n especial est\u00e1 pensada para entusiastas, profesionales de ciberseguridad y coleccionistas que buscan un dispositivo \u00fanico sin sacrificar rendimiento.<\/p>\n\n\n\n<p class=\"has-small-font-size\">Su carcasa transparente no solo aporta un estilo distintivo, sino que refleja el esp\u00edritu experimental y hacker del dispositivo. Es una <strong>edici\u00f3n limitada<\/strong>, ideal para quienes desean destacar, experimentar y contar con una herramienta funcional y exclusiva, lista para operar desde el primer encendido.<\/p>\n\n\n\n<div class=\"wp-block-buttons is-layout-flex wp-block-buttons-is-layout-flex\">\n<div class=\"wp-block-button\"><a class=\"wp-block-button__link has-small-font-size has-custom-font-size wp-element-button\" href=\"https:\/\/pay.sumup.com\/b2c\/QPG1H7LU\">Comprar<\/a><\/div>\n\n\n\n<div class=\"wp-block-button\"><a class=\"wp-block-button__link has-small-font-size has-custom-font-size wp-element-button\" href=\"http:\/\/wa.me\/56982792359\">Servicio al cliente<\/a><\/div>\n<\/div>\n<\/div>\n<\/div>\n\n\n\n<div class=\"wp-block-columns is-layout-flex wp-container-core-columns-is-layout-28f84493 wp-block-columns-is-layout-flex\">\n<div class=\"wp-block-column is-layout-flow wp-block-column-is-layout-flow\">\n<h2 class=\"wp-block-heading has-large-font-size\">\u00bfQu\u00e9 incluye este Kit?<\/h2>\n\n\n\n<p>\ud83d\udfe0 <strong>Flipper Zero original Transparente<\/strong><\/p>\n\n\n\n<p>\ud83d\udd0c <strong>Cable USB de carga y datos<\/strong><\/p>\n\n\n\n<p>\ud83c\udff7\ufe0f <strong>Sticker<\/strong><\/p>\n\n\n\n<p>\ud83d\udcd8 <strong>Acceso a gu\u00eda inicial de uso<\/strong><\/p>\n\n\n\n<p>\ud83c\udde8\ud83c\uddf1 <strong>Soporte local en Chile<\/strong><\/p>\n<\/div>\n\n\n\n<div class=\"wp-block-column is-layout-flow wp-block-column-is-layout-flow\">\n<h2 class=\"wp-block-heading has-large-font-size\">Principales funcionalidades<\/h2>\n\n\n\n<p>\ud83d\udce1 <strong>RF &amp; Sub-GHz<\/strong> \u2013 An\u00e1lisis y prueba de controles y se\u00f1ales inal\u00e1mbricas<\/p>\n\n\n\n<p>\ud83e\udeaa <strong>NFC \/ RFID<\/strong> \u2013 Lectura y prueba de credenciales<\/p>\n\n\n\n<p>\ud83d\udcf1 <strong>Bluetooth &amp; BLE<\/strong> \u2013 Exploraci\u00f3n de dispositivos cercanos<\/p>\n\n\n\n<p>\ud83d\udcfa <strong>Infrarrojo<\/strong> \u2013 Control y pruebas IR<\/p>\n\n\n\n<p>\ud83e\udde9 <strong>Extensible por apps<\/strong> \u2013 Plugins y firmware comunitario<\/p>\n<\/div>\n<\/div>\n\n\n\n<div class=\"wp-block-columns is-layout-flex wp-container-core-columns-is-layout-28f84493 wp-block-columns-is-layout-flex\">\n<div class=\"wp-block-column is-layout-flow wp-block-column-is-layout-flow\">\n<h2 class=\"wp-block-heading has-large-font-size\">\u00bfPara qui\u00e9n es este Kit?<\/h2>\n\n\n\n<p>\ud83c\udf93 <strong>Estudiantes de ciberseguridad<\/strong><\/p>\n\n\n\n<p>\ud83d\udcbb <strong>Profesionales TI \/ Red Team<\/strong><\/p>\n\n\n\n<p>\ud83d\udee0\ufe0f <strong>Makers y entusiastas tecnol\u00f3gicos<\/strong><\/p>\n<\/div>\n\n\n\n<div class=\"wp-block-column is-layout-flow wp-block-column-is-layout-flow\">\n<h2 class=\"wp-block-heading has-large-font-size\">Caso de usos reales<\/h2>\n\n\n\n<p>\ud83d\udd10 <strong>Auditor\u00edas de seguridad f\u00edsica y digital<\/strong><\/p>\n\n\n\n<p>\ud83d\udcf2 <strong>Pruebas de accesos NFC \/ RFID<\/strong><\/p>\n\n\n\n<p>\ud83d\udd79\ufe0f <strong>Evaluaci\u00f3n de controles remotos e IoT<\/strong><\/p>\n\n\n\n<p>\ud83c\udf93 <strong>Formaci\u00f3n y laboratorios educativos<\/strong><\/p>\n<\/div>\n<\/div>\n\n\n\n<div class=\"wp-block-columns is-layout-flex wp-container-core-columns-is-layout-28f84493 wp-block-columns-is-layout-flex\">\n<div class=\"wp-block-column is-layout-flow wp-block-column-is-layout-flow\">\n<h2 class=\"wp-block-heading has-large-font-size\">\u00bfPor qu\u00e9 comprarlo con nosotros?<\/h2>\n\n\n\n<p>\ud83c\udde8\ud83c\uddf1 Stock y entrega en Chile<\/p>\n\n\n\n<p>\ud83d\udce6 Producto original<\/p>\n\n\n\n<p>\ud83d\udcac Soporte post venta<\/p>\n\n\n\n<p>\ud83c\udf93 Orientaci\u00f3n b\u00e1sica incluida<\/p>\n<\/div>\n\n\n\n<div class=\"wp-block-column is-layout-flow wp-block-column-is-layout-flow\">\n<h2 class=\"wp-block-heading has-large-font-size\">Preguntas frecuentes<\/h2>\n\n\n\n<p>\u26a1 <strong>\u00bfViene listo para usar?<\/strong> \u2192 S\u00ed<\/p>\n\n\n\n<p>\u2696\ufe0f <strong>\u00bfEs legal?<\/strong> \u2192 S\u00ed, para uso educativo y profesional<\/p>\n\n\n\n<p>\ud83d\udcda <strong>\u00bfNecesito conocimientos previos?<\/strong> \u2192 B\u00e1sicos<\/p>\n\n\n\n<p>\ud83d\udee1\ufe0f <strong>\u00bfIncluye garant\u00eda?<\/strong> \u2192 S\u00ed<\/p>\n<\/div>\n<\/div>\n\n\n\n<div class=\"wp-block-columns has-ast-global-color-2-background-color has-background is-layout-flex wp-container-core-columns-is-layout-28f84493 wp-block-columns-is-layout-flex\">\n<div class=\"wp-block-column is-layout-flow wp-block-column-is-layout-flow\">\n<h3 class=\"wp-block-heading has-ast-global-color-4-color has-text-color has-link-color wp-elements-5f6d725b397b4f4c5640a04f018013fc\">Oficinas<\/h3>\n\n\n\n<p>Tienda Online despacho a todo Chile<\/p>\n\n\n\n<p>Lunes a Viernes: 09:00 a 18:00 hrs<\/p>\n\n\n\n<p>Tel\u00e9fono: +56 9 8279 2359<\/p>\n<\/div>\n\n\n\n<div class=\"wp-block-column is-layout-flow wp-block-column-is-layout-flow\">\n<h3 class=\"wp-block-heading has-ast-global-color-4-color has-text-color has-link-color wp-elements-865229c25a0e1c59603dcb7f34e37daa\">Nuestras redes<\/h3>\n\n\n\n<div class=\"wp-block-columns is-layout-flex wp-container-core-columns-is-layout-28f84493 wp-block-columns-is-layout-flex\">\n<div class=\"wp-block-column is-layout-flow wp-block-column-is-layout-flow\">\n<figure class=\"wp-block-image size-full is-resized\"><a href=\"https:\/\/www.instagram.com\/ciberdefensa.chile\"><img decoding=\"async\" src=\"https:\/\/ciberdefensachile.com\/wp-content\/uploads\/2026\/01\/instagram.png\" alt=\"\" class=\"wp-image-751\" style=\"width:34px\"\/><\/a><\/figure>\n<\/div>\n\n\n\n<div class=\"wp-block-column is-layout-flow wp-block-column-is-layout-flow\">\n<figure class=\"wp-block-image size-full is-resized\"><a href=\"https:\/\/web.facebook.com\/profile.php?id=61579848975657\"><img decoding=\"async\" src=\"https:\/\/ciberdefensachile.com\/wp-content\/uploads\/2026\/01\/facebook.png\" alt=\"\" class=\"wp-image-752\" style=\"width:34px\"\/><\/a><\/figure>\n<\/div>\n\n\n\n<div class=\"wp-block-column is-layout-flow wp-block-column-is-layout-flow\">\n<figure class=\"wp-block-image size-full is-resized\"><a href=\"https:\/\/www.tiktok.com\/@ciberdefensachile_com\"><img decoding=\"async\" src=\"https:\/\/ciberdefensachile.com\/wp-content\/uploads\/2026\/01\/tik-tok.png\" alt=\"\" class=\"wp-image-753\" style=\"width:34px\"\/><\/a><\/figure>\n<\/div>\n<\/div>\n\n\n\n<div class=\"wp-block-columns is-layout-flex wp-container-core-columns-is-layout-28f84493 wp-block-columns-is-layout-flex\">\n<div class=\"wp-block-column is-layout-flow wp-block-column-is-layout-flow\">\n<figure class=\"wp-block-image size-full is-resized\"><a href=\"https:\/\/api.whatsapp.com\/send?phone=56982792359\"><img decoding=\"async\" src=\"https:\/\/ciberdefensachile.com\/wp-content\/uploads\/2026\/01\/whatsapp.png\" alt=\"\" class=\"wp-image-758\" style=\"width:34px\"\/><\/a><\/figure>\n<\/div>\n\n\n\n<div class=\"wp-block-column is-layout-flow wp-block-column-is-layout-flow\">\n<figure class=\"wp-block-image size-full is-resized\"><a href=\"https:\/\/www.youtube.com\/@FlipperZeroChile\"><img decoding=\"async\" src=\"https:\/\/ciberdefensachile.com\/wp-content\/uploads\/2026\/01\/youtube.png\" alt=\"\" class=\"wp-image-759\" style=\"width:34px\"\/><\/a><\/figure>\n<\/div>\n\n\n\n<div class=\"wp-block-column is-layout-flow wp-block-column-is-layout-flow\">\n<figure class=\"wp-block-image size-full is-resized\"><a href=\"https:\/\/x.com\/flipperzerocl\"><img decoding=\"async\" src=\"https:\/\/ciberdefensachile.com\/wp-content\/uploads\/2026\/01\/logotipos.png\" alt=\"\" class=\"wp-image-760\" style=\"width:34px\"\/><\/a><\/figure>\n<\/div>\n<\/div>\n\n\n\n<p>soporte@ciberdefensachile.store<\/p>\n<\/div>\n\n\n\n<div class=\"wp-block-column is-layout-flow wp-block-column-is-layout-flow\">\n<h3 class=\"wp-block-heading has-ast-global-color-4-color has-text-color has-link-color wp-elements-a5959fd33d276063c7df333234c67d0c\">Informaci\u00f3n Legal<\/h3>\n\n\n\n<p class=\"has-ast-global-color-3-color has-text-color has-link-color wp-elements-877336922b97a377e2ce2a9ecec6b0ac\"><a href=\"https:\/\/ciberdefensachile.com\/politica-de-privacidad\/\" data-type=\"link\" data-id=\"https:\/\/ciberdefensachile.com\/politica-de-privacidad\/\">Pol\u00edticas de privacidad<\/a><\/p>\n\n\n\n<p class=\"has-ast-global-color-3-color has-text-color has-link-color wp-elements-ebd9415dfa7d356c83f1caaf8eb163d7\"><a href=\"https:\/\/ciberdefensachile.com\/terminos-y-condiciones\/\" data-type=\"link\" data-id=\"https:\/\/ciberdefensachile.com\/terminos-y-condiciones\/\">T\u00e9rminos y condiciones<\/a><\/p>\n\n\n\n<p class=\"has-ast-global-color-3-color has-text-color has-link-color wp-elements-5ee0da520f00d5581a727b4692dfdb83\"><a href=\"https:\/\/ciberdefensachile.com\/descargo-de-responsabilida\/\" data-type=\"link\" data-id=\"https:\/\/ciberdefensachile.com\/descargo-de-responsabilida\/\">Descargo de responsabilidad<\/a><\/p>\n<\/div>\n<\/div>\n","protected":false},"excerpt":{"rendered":"<p>Edici\u00f3n Limitada Flipper Zero $449.990 El Flipper Zero Edici\u00f3n Limitada Transparente combina toda la potencia y funcionalidad del dispositivo original [&hellip;]<\/p>\n","protected":false},"author":1,"featured_media":0,"parent":0,"menu_order":0,"comment_status":"closed","ping_status":"closed","template":"","meta":{"site-sidebar-layout":"default","site-content-layout":"","ast-site-content-layout":"default","site-content-style":"default","site-sidebar-style":"default","ast-global-header-display":"","ast-banner-title-visibility":"","ast-main-header-display":"","ast-hfb-above-header-display":"","ast-hfb-below-header-display":"","ast-hfb-mobile-header-display":"","site-post-title":"disabled","ast-breadcrumbs-content":"","ast-featured-img":"","footer-sml-layout":"","theme-transparent-header-meta":"","adv-header-id-meta":"","stick-header-meta":"","header-above-stick-meta":"","header-main-stick-meta":"","header-below-stick-meta":"","astra-migrate-meta-layouts":"default","ast-page-background-enabled":"default","ast-page-background-meta":{"desktop":{"background-color":"var(--ast-global-color-5)","background-image":"","background-repeat":"repeat","background-position":"center center","background-size":"auto","background-attachment":"scroll","background-type":"","background-media":"","overlay-type":"","overlay-color":"","overlay-opacity":"","overlay-gradient":""},"tablet":{"background-color":"","background-image":"","background-repeat":"repeat","background-position":"center center","background-size":"auto","background-attachment":"scroll","background-type":"","background-media":"","overlay-type":"","overlay-color":"","overlay-opacity":"","overlay-gradient":""},"mobile":{"background-color":"","background-image":"","background-repeat":"repeat","background-position":"center center","background-size":"auto","background-attachment":"scroll","background-type":"","background-media":"","overlay-type":"","overlay-color":"","overlay-opacity":"","overlay-gradient":""}},"ast-content-background-meta":{"desktop":{"background-color":"var(--ast-global-color-4)","background-image":"","background-repeat":"repeat","background-position":"center center","background-size":"auto","background-attachment":"scroll","background-type":"","background-media":"","overlay-type":"","overlay-color":"","overlay-opacity":"","overlay-gradient":""},"tablet":{"background-color":"var(--ast-global-color-4)","background-image":"","background-repeat":"repeat","background-position":"center center","background-size":"auto","background-attachment":"scroll","background-type":"","background-media":"","overlay-type":"","overlay-color":"","overlay-opacity":"","overlay-gradient":""},"mobile":{"background-color":"var(--ast-global-color-4)","background-image":"","background-repeat":"repeat","background-position":"center center","background-size":"auto","background-attachment":"scroll","background-type":"","background-media":"","overlay-type":"","overlay-color":"","overlay-opacity":"","overlay-gradient":""}},"footnotes":""},"class_list":["post-434","page","type-page","status-publish","hentry"],"_links":{"self":[{"href":"https:\/\/ciberdefensachile.store\/index.php\/wp-json\/wp\/v2\/pages\/434","targetHints":{"allow":["GET"]}}],"collection":[{"href":"https:\/\/ciberdefensachile.store\/index.php\/wp-json\/wp\/v2\/pages"}],"about":[{"href":"https:\/\/ciberdefensachile.store\/index.php\/wp-json\/wp\/v2\/types\/page"}],"author":[{"embeddable":true,"href":"https:\/\/ciberdefensachile.store\/index.php\/wp-json\/wp\/v2\/users\/1"}],"replies":[{"embeddable":true,"href":"https:\/\/ciberdefensachile.store\/index.php\/wp-json\/wp\/v2\/comments?post=434"}],"version-history":[{"count":5,"href":"https:\/\/ciberdefensachile.store\/index.php\/wp-json\/wp\/v2\/pages\/434\/revisions"}],"predecessor-version":[{"id":475,"href":"https:\/\/ciberdefensachile.store\/index.php\/wp-json\/wp\/v2\/pages\/434\/revisions\/475"}],"wp:attachment":[{"href":"https:\/\/ciberdefensachile.store\/index.php\/wp-json\/wp\/v2\/media?parent=434"}],"curies":[{"name":"wp","href":"https:\/\/api.w.org\/{rel}","templated":true}]}}