{"id":416,"date":"2026-01-25T00:18:02","date_gmt":"2026-01-25T00:18:02","guid":{"rendered":"https:\/\/ciberdefensachile.store\/?page_id=416"},"modified":"2026-02-12T03:23:54","modified_gmt":"2026-02-12T03:23:54","slug":"jammer-bluetooth-chile","status":"publish","type":"page","link":"https:\/\/ciberdefensachile.store\/index.php\/jammer-bluetooth-chile\/","title":{"rendered":"Jammer Bluetooth Chile"},"content":{"rendered":"\n<div class=\"wp-block-columns is-layout-flex wp-container-core-columns-is-layout-28f84493 wp-block-columns-is-layout-flex\">\n<div class=\"wp-block-column is-layout-flow wp-block-column-is-layout-flow\">\n<figure class=\"wp-block-gallery has-nested-images columns-default is-cropped wp-block-gallery-1 is-layout-flex wp-block-gallery-is-layout-flex\">\n<figure class=\"wp-block-image size-full has-custom-border\"><img loading=\"lazy\" decoding=\"async\" width=\"1316\" height=\"2560\" data-id=\"366\" src=\"https:\/\/ciberdefensachile.store\/wp-content\/uploads\/2026\/01\/Jammer-Bluetooth-scaled.png\" alt=\"\" class=\"wp-image-366\" style=\"border-style:none;border-width:0px\" srcset=\"https:\/\/ciberdefensachile.store\/wp-content\/uploads\/2026\/01\/Jammer-Bluetooth-scaled.png 1316w, https:\/\/ciberdefensachile.store\/wp-content\/uploads\/2026\/01\/Jammer-Bluetooth-154x300.png 154w, https:\/\/ciberdefensachile.store\/wp-content\/uploads\/2026\/01\/Jammer-Bluetooth-526x1024.png 526w, https:\/\/ciberdefensachile.store\/wp-content\/uploads\/2026\/01\/Jammer-Bluetooth-768x1494.png 768w, https:\/\/ciberdefensachile.store\/wp-content\/uploads\/2026\/01\/Jammer-Bluetooth-790x1536.png 790w, https:\/\/ciberdefensachile.store\/wp-content\/uploads\/2026\/01\/Jammer-Bluetooth-1053x2048.png 1053w\" sizes=\"auto, (max-width: 1316px) 100vw, 1316px\" \/><\/figure>\n<\/figure>\n<\/div>\n\n\n\n<div class=\"wp-block-column is-layout-flow wp-block-column-is-layout-flow\">\n<h2 class=\"wp-block-heading has-ast-global-color-2-color has-text-color has-link-color wp-elements-6383f385bc4f760c65d4086888eef895\">Jammer Bluetooth<\/h2>\n\n\n\n<h3 class=\"wp-block-heading has-ast-global-color-2-color has-text-color has-link-color wp-elements-9188896f46344ebe85abb5668b59d06b\">$94.990<\/h3>\n\n\n\n<h3 class=\"wp-block-heading\">\ud83d\ude23 Adi\u00f3s a los parlantes molestos<\/h3>\n\n\n\n<p>\u00bfTe ha pasado que intentas descansar y el ruido del vecino no te deja dormir?<br>M\u00fasica fuerte de madrugada, parlantes encendidos desde muy temprano, fines de semana sin descanso\u2026<\/p>\n\n\n\n<p>Eso <strong>no es solo molestia<\/strong>:<br>\u274c afecta tu sue\u00f1o<br>\u274c afecta tu salud<br>\u274c afecta tu productividad y tu familia<\/p>\n\n\n\n<p>La mayor\u00eda de las personas <strong>no quiere conflicto<\/strong>, solo quiere <strong>silencio, control y tranquilidad en su propio hogar<\/strong>.<\/p>\n\n\n\n<h3 class=\"wp-block-heading\">\ud83d\udd07 Nuestra propuesta de valor<\/h3>\n\n\n\n<p>Ofrecemos <strong>soluciones tecnol\u00f3gicas y preventivas<\/strong> para <strong>reducir el impacto del ruido externo<\/strong>, ayudando a recuperar la tranquilidad del hogar <strong>de forma responsable y consciente<\/strong>.<\/p>\n\n\n\n<p>\u2714 Ideal para casas, departamentos y condominios<br>\u2714 Pensado para quienes trabajan, estudian o tienen ni\u00f1os<br>\u2714 Enfoque discreto, moderno y orientado al bienestar<\/p>\n\n\n\n<div class=\"wp-block-buttons is-layout-flex wp-block-buttons-is-layout-flex\">\n<div class=\"wp-block-button\"><a class=\"wp-block-button__link has-small-font-size has-custom-font-size wp-element-button\" href=\"https:\/\/pay.sumup.com\/b2c\/QF741AX1\">Comprar<\/a><\/div>\n\n\n\n<div class=\"wp-block-button\"><a class=\"wp-block-button__link has-small-font-size has-custom-font-size wp-element-button\" href=\"http:\/\/wa.me\/56982792359\">Servicio al cliente<\/a><\/div>\n<\/div>\n<\/div>\n<\/div>\n\n\n\n<h2 class=\"wp-block-heading has-text-align-center\">Ficha t\u00e9cnica<\/h2>\n\n\n\n<div class=\"wp-block-columns is-layout-flex wp-container-core-columns-is-layout-28f84493 wp-block-columns-is-layout-flex\">\n<div class=\"wp-block-column is-layout-flow wp-block-column-is-layout-flow\">\n<h3 class=\"wp-block-heading\">\ud83d\udce1 <strong>Alcance extendido hasta 100 metros<\/strong><\/h3>\n\n\n\n<p>Afecta a parlantes en un radio de hasta 100 Mts l\u00ednea vista, considerar una reducci\u00f3n por la presencia obstrucciones tales como paredes, ventanas, \u00e1rboles, autos, etc.<\/p>\n<\/div>\n\n\n\n<div class=\"wp-block-column is-layout-flow wp-block-column-is-layout-flow\">\n<h3 class=\"wp-block-heading\">\ud83e\udde0 <strong>Arquitectura tecnol\u00f3gica de alta calidad<\/strong><\/h3>\n\n\n\n<p>Plataforma compacta y confiable que permite portabilidad, estabilidad y f\u00e1cil integraci\u00f3n.<\/p>\n<\/div>\n<\/div>\n\n\n\n<div class=\"wp-block-columns is-layout-flex wp-container-core-columns-is-layout-28f84493 wp-block-columns-is-layout-flex\">\n<div class=\"wp-block-column is-layout-flow wp-block-column-is-layout-flow\">\n<h3 class=\"wp-block-heading\">\ud83d\udcf6 <strong>Antena 2.4Ghz de alto desempe\u00f1o<\/strong><\/h3>\n\n\n\n<p>Dise\u00f1ado para an\u00e1lisis y experimentaci\u00f3n sobre comunicaciones de corto y mediano alcance.<\/p>\n<\/div>\n\n\n\n<div class=\"wp-block-column is-layout-flow wp-block-column-is-layout-flow\">\n<h3 class=\"wp-block-heading\">\u2699\ufe0f <strong>Configuraci\u00f3n flexible y adaptable<\/strong><\/h3>\n\n\n\n<p>Permite ajustar comportamiento operativo seg\u00fan distintos escenarios de prueba y an\u00e1lisis t\u00e9cnico.<\/p>\n<\/div>\n<\/div>\n\n\n\n<div class=\"wp-block-columns is-layout-flex wp-container-core-columns-is-layout-28f84493 wp-block-columns-is-layout-flex\">\n<div class=\"wp-block-column is-layout-flow wp-block-column-is-layout-flow\">\n<h3 class=\"wp-block-heading\">\ud83e\udde9 <strong>Dise\u00f1o compacto y port\u00e1til<\/strong><\/h3>\n\n\n\n<p>Formato liviano, discreto y f\u00e1cil de transportar para uso en laboratorio o terreno.<\/p>\n<\/div>\n\n\n\n<div class=\"wp-block-column is-layout-flow wp-block-column-is-layout-flow\">\n<h3 class=\"wp-block-heading\">\ud83d\udd10 <strong>Enfoque profesional y controlado<\/strong><\/h3>\n\n\n\n<p>Pensado para investigaci\u00f3n, pruebas t\u00e9cnicas y entornos autorizados, priorizando un uso responsable.<\/p>\n<\/div>\n<\/div>\n\n\n\n<div class=\"wp-block-columns has-ast-global-color-2-background-color has-background is-layout-flex wp-container-core-columns-is-layout-28f84493 wp-block-columns-is-layout-flex\">\n<div class=\"wp-block-column is-layout-flow wp-block-column-is-layout-flow\">\n<h3 class=\"wp-block-heading has-ast-global-color-4-color has-text-color has-link-color wp-elements-5f6d725b397b4f4c5640a04f018013fc\">Oficinas<\/h3>\n\n\n\n<p>Tienda Online despacho a todo Chile<\/p>\n\n\n\n<p>Lunes a Viernes: 09:00 a 18:00 hrs<\/p>\n\n\n\n<p>Tel\u00e9fono: +56 9 8279 2359<\/p>\n<\/div>\n\n\n\n<div class=\"wp-block-column is-layout-flow wp-block-column-is-layout-flow\">\n<h3 class=\"wp-block-heading has-ast-global-color-4-color has-text-color has-link-color wp-elements-865229c25a0e1c59603dcb7f34e37daa\">Nuestras redes<\/h3>\n\n\n\n<div class=\"wp-block-columns is-layout-flex wp-container-core-columns-is-layout-28f84493 wp-block-columns-is-layout-flex\">\n<div class=\"wp-block-column is-layout-flow wp-block-column-is-layout-flow\">\n<figure class=\"wp-block-image size-full is-resized\"><a href=\"https:\/\/www.instagram.com\/ciberdefensa.chile\"><img decoding=\"async\" src=\"https:\/\/ciberdefensachile.com\/wp-content\/uploads\/2026\/01\/instagram.png\" alt=\"\" class=\"wp-image-751\" style=\"width:34px\"\/><\/a><\/figure>\n<\/div>\n\n\n\n<div class=\"wp-block-column is-layout-flow wp-block-column-is-layout-flow\">\n<figure class=\"wp-block-image size-full is-resized\"><a href=\"https:\/\/web.facebook.com\/profile.php?id=61579848975657\"><img decoding=\"async\" src=\"https:\/\/ciberdefensachile.com\/wp-content\/uploads\/2026\/01\/facebook.png\" alt=\"\" class=\"wp-image-752\" style=\"width:34px\"\/><\/a><\/figure>\n<\/div>\n\n\n\n<div class=\"wp-block-column is-layout-flow wp-block-column-is-layout-flow\">\n<figure class=\"wp-block-image size-full is-resized\"><a href=\"https:\/\/www.tiktok.com\/@ciberdefensachile_com\"><img decoding=\"async\" src=\"https:\/\/ciberdefensachile.com\/wp-content\/uploads\/2026\/01\/tik-tok.png\" alt=\"\" class=\"wp-image-753\" style=\"width:34px\"\/><\/a><\/figure>\n<\/div>\n<\/div>\n\n\n\n<div class=\"wp-block-columns is-layout-flex wp-container-core-columns-is-layout-28f84493 wp-block-columns-is-layout-flex\">\n<div class=\"wp-block-column is-layout-flow wp-block-column-is-layout-flow\">\n<figure class=\"wp-block-image size-full is-resized\"><a href=\"https:\/\/api.whatsapp.com\/send?phone=56982792359\"><img decoding=\"async\" src=\"https:\/\/ciberdefensachile.com\/wp-content\/uploads\/2026\/01\/whatsapp.png\" alt=\"\" class=\"wp-image-758\" style=\"width:34px\"\/><\/a><\/figure>\n<\/div>\n\n\n\n<div class=\"wp-block-column is-layout-flow wp-block-column-is-layout-flow\">\n<figure class=\"wp-block-image size-full is-resized\"><a href=\"https:\/\/www.youtube.com\/@FlipperZeroChile\"><img decoding=\"async\" src=\"https:\/\/ciberdefensachile.com\/wp-content\/uploads\/2026\/01\/youtube.png\" alt=\"\" class=\"wp-image-759\" style=\"width:34px\"\/><\/a><\/figure>\n<\/div>\n\n\n\n<div class=\"wp-block-column is-layout-flow wp-block-column-is-layout-flow\">\n<figure class=\"wp-block-image size-full is-resized\"><a href=\"https:\/\/x.com\/flipperzerocl\"><img decoding=\"async\" src=\"https:\/\/ciberdefensachile.com\/wp-content\/uploads\/2026\/01\/logotipos.png\" alt=\"\" class=\"wp-image-760\" style=\"width:34px\"\/><\/a><\/figure>\n<\/div>\n<\/div>\n\n\n\n<p>soporte@ciberdefensachile.store<\/p>\n<\/div>\n\n\n\n<div class=\"wp-block-column is-layout-flow wp-block-column-is-layout-flow\">\n<h3 class=\"wp-block-heading has-ast-global-color-4-color has-text-color has-link-color wp-elements-a5959fd33d276063c7df333234c67d0c\">Informaci\u00f3n Legal<\/h3>\n\n\n\n<p class=\"has-ast-global-color-3-color has-text-color has-link-color wp-elements-877336922b97a377e2ce2a9ecec6b0ac\"><a href=\"https:\/\/ciberdefensachile.com\/politica-de-privacidad\/\" data-type=\"link\" data-id=\"https:\/\/ciberdefensachile.com\/politica-de-privacidad\/\">Pol\u00edticas de privacidad<\/a><\/p>\n\n\n\n<p class=\"has-ast-global-color-3-color has-text-color has-link-color wp-elements-ebd9415dfa7d356c83f1caaf8eb163d7\"><a href=\"https:\/\/ciberdefensachile.com\/terminos-y-condiciones\/\" data-type=\"link\" data-id=\"https:\/\/ciberdefensachile.com\/terminos-y-condiciones\/\">T\u00e9rminos y condiciones<\/a><\/p>\n\n\n\n<p class=\"has-ast-global-color-3-color has-text-color has-link-color wp-elements-5ee0da520f00d5581a727b4692dfdb83\"><a href=\"https:\/\/ciberdefensachile.com\/descargo-de-responsabilida\/\" data-type=\"link\" data-id=\"https:\/\/ciberdefensachile.com\/descargo-de-responsabilida\/\">Descargo de responsabilidad<\/a><\/p>\n<\/div>\n<\/div>\n","protected":false},"excerpt":{"rendered":"<p>Jammer Bluetooth $94.990 \ud83d\ude23 Adi\u00f3s a los parlantes molestos \u00bfTe ha pasado que intentas descansar y el ruido del vecino [&hellip;]<\/p>\n","protected":false},"author":1,"featured_media":0,"parent":0,"menu_order":0,"comment_status":"closed","ping_status":"closed","template":"","meta":{"site-sidebar-layout":"default","site-content-layout":"","ast-site-content-layout":"default","site-content-style":"default","site-sidebar-style":"default","ast-global-header-display":"","ast-banner-title-visibility":"","ast-main-header-display":"","ast-hfb-above-header-display":"","ast-hfb-below-header-display":"","ast-hfb-mobile-header-display":"","site-post-title":"disabled","ast-breadcrumbs-content":"","ast-featured-img":"","footer-sml-layout":"","theme-transparent-header-meta":"","adv-header-id-meta":"","stick-header-meta":"","header-above-stick-meta":"","header-main-stick-meta":"","header-below-stick-meta":"","astra-migrate-meta-layouts":"default","ast-page-background-enabled":"default","ast-page-background-meta":{"desktop":{"background-color":"var(--ast-global-color-5)","background-image":"","background-repeat":"repeat","background-position":"center center","background-size":"auto","background-attachment":"scroll","background-type":"","background-media":"","overlay-type":"","overlay-color":"","overlay-opacity":"","overlay-gradient":""},"tablet":{"background-color":"","background-image":"","background-repeat":"repeat","background-position":"center center","background-size":"auto","background-attachment":"scroll","background-type":"","background-media":"","overlay-type":"","overlay-color":"","overlay-opacity":"","overlay-gradient":""},"mobile":{"background-color":"","background-image":"","background-repeat":"repeat","background-position":"center center","background-size":"auto","background-attachment":"scroll","background-type":"","background-media":"","overlay-type":"","overlay-color":"","overlay-opacity":"","overlay-gradient":""}},"ast-content-background-meta":{"desktop":{"background-color":"var(--ast-global-color-4)","background-image":"","background-repeat":"repeat","background-position":"center center","background-size":"auto","background-attachment":"scroll","background-type":"","background-media":"","overlay-type":"","overlay-color":"","overlay-opacity":"","overlay-gradient":""},"tablet":{"background-color":"var(--ast-global-color-4)","background-image":"","background-repeat":"repeat","background-position":"center center","background-size":"auto","background-attachment":"scroll","background-type":"","background-media":"","overlay-type":"","overlay-color":"","overlay-opacity":"","overlay-gradient":""},"mobile":{"background-color":"var(--ast-global-color-4)","background-image":"","background-repeat":"repeat","background-position":"center center","background-size":"auto","background-attachment":"scroll","background-type":"","background-media":"","overlay-type":"","overlay-color":"","overlay-opacity":"","overlay-gradient":""}},"footnotes":""},"class_list":["post-416","page","type-page","status-publish","hentry"],"_links":{"self":[{"href":"https:\/\/ciberdefensachile.store\/index.php\/wp-json\/wp\/v2\/pages\/416","targetHints":{"allow":["GET"]}}],"collection":[{"href":"https:\/\/ciberdefensachile.store\/index.php\/wp-json\/wp\/v2\/pages"}],"about":[{"href":"https:\/\/ciberdefensachile.store\/index.php\/wp-json\/wp\/v2\/types\/page"}],"author":[{"embeddable":true,"href":"https:\/\/ciberdefensachile.store\/index.php\/wp-json\/wp\/v2\/users\/1"}],"replies":[{"embeddable":true,"href":"https:\/\/ciberdefensachile.store\/index.php\/wp-json\/wp\/v2\/comments?post=416"}],"version-history":[{"count":19,"href":"https:\/\/ciberdefensachile.store\/index.php\/wp-json\/wp\/v2\/pages\/416\/revisions"}],"predecessor-version":[{"id":471,"href":"https:\/\/ciberdefensachile.store\/index.php\/wp-json\/wp\/v2\/pages\/416\/revisions\/471"}],"wp:attachment":[{"href":"https:\/\/ciberdefensachile.store\/index.php\/wp-json\/wp\/v2\/media?parent=416"}],"curies":[{"name":"wp","href":"https:\/\/api.w.org\/{rel}","templated":true}]}}