{"id":392,"date":"2026-01-24T23:30:26","date_gmt":"2026-01-24T23:30:26","guid":{"rendered":"https:\/\/ciberdefensachile.store\/?page_id=392"},"modified":"2026-02-12T03:23:33","modified_gmt":"2026-02-12T03:23:33","slug":"flipper-zero","status":"publish","type":"page","link":"https:\/\/ciberdefensachile.store\/index.php\/flipper-zero\/","title":{"rendered":"Flipper Zero"},"content":{"rendered":"\n<div class=\"wp-block-columns is-layout-flex wp-container-core-columns-is-layout-28f84493 wp-block-columns-is-layout-flex\">\n<div class=\"wp-block-column is-layout-flow wp-block-column-is-layout-flow\">\n<figure class=\"wp-block-image size-large\"><img decoding=\"async\" src=\"https:\/\/ciberdefensachile.com\/wp-content\/uploads\/2026\/01\/imgi_1_product_flipper-zero_witb-desktop-1024x782.png\" alt=\"\" class=\"wp-image-583\"\/><\/figure>\n\n\n\n<div class=\"wp-block-columns is-layout-flex wp-container-core-columns-is-layout-28f84493 wp-block-columns-is-layout-flex\">\n<div class=\"wp-block-column is-layout-flow wp-block-column-is-layout-flow\">\n<figure class=\"wp-block-image alignright size-full\"><img decoding=\"async\" src=\"https:\/\/ciberdefensachile.com\/wp-content\/uploads\/2026\/01\/imgi_1_default.png\" alt=\"\" class=\"wp-image-587\"\/><\/figure>\n<\/div>\n\n\n\n<div class=\"wp-block-column is-layout-flow wp-block-column-is-layout-flow\">\n<p>Se requiere una&nbsp;<strong>tarjeta microSD para usar el dispositivo<\/strong>.&nbsp;<strong>No se incluye<\/strong><\/p>\n<\/div>\n<\/div>\n<\/div>\n\n\n\n<div class=\"wp-block-column is-layout-flow wp-block-column-is-layout-flow\">\n<h2 class=\"wp-block-heading has-ast-global-color-2-color has-text-color has-link-color wp-elements-0efa121a7f373131cce5bc2052351b0c\">Flipper Zero<\/h2>\n\n\n\n<h3 class=\"wp-block-heading has-ast-global-color-2-color has-text-color has-link-color wp-elements-7e5d743dd9b0f13fa271a6106f9605a3\">$399.990<\/h3>\n\n\n\n<h4 class=\"wp-block-heading\">Flipper Zero llega a ti con:<\/h4>\n\n\n\n<ul class=\"wp-block-list\">\n<li><strong>El manual del usuario<\/strong>&nbsp;lo guiar\u00e1 a trav\u00e9s de todos los pasos necesarios para comenzar a utilizar el dispositivo;<\/li>\n\n\n\n<li><strong>Pegatina de vinilo<\/strong>&nbsp;como peque\u00f1a muestra de amistad de nuestra parte hacia ti;<\/li>\n\n\n\n<li><strong>El cable USB-A a USB-C<\/strong>&nbsp;es perfecto para cargar su Flipper e intercambiar datos conect\u00e1ndolo a su computadora port\u00e1til o computadora de casa;<\/li>\n\n\n\n<li>Y por \u00faltimo, pero no por ello menos importante, el propio&nbsp;<strong>Flipper Zero<\/strong>&nbsp;.<\/li>\n<\/ul>\n\n\n\n<div class=\"wp-block-buttons is-layout-flex wp-block-buttons-is-layout-flex\">\n<div class=\"wp-block-button\"><a class=\"wp-block-button__link has-small-font-size has-custom-font-size wp-element-button\" href=\"https:\/\/pay.sumup.com\/b2c\/QVZ5G4G5\">Comprar<\/a><\/div>\n\n\n\n<div class=\"wp-block-button\"><a class=\"wp-block-button__link has-small-font-size has-custom-font-size wp-element-button\" href=\"http:\/\/wa.me\/56982792359\">Servicio al cliente<\/a><\/div>\n<\/div>\n<\/div>\n<\/div>\n\n\n\n<div class=\"wp-block-columns is-layout-flex wp-container-core-columns-is-layout-28f84493 wp-block-columns-is-layout-flex\">\n<div class=\"wp-block-column is-layout-flow wp-block-column-is-layout-flow\">\n<h2 class=\"wp-block-heading has-large-font-size\">Introducci\u00f3n<\/h2>\n\n\n\n<p>El Flipper Zero es la multiherramienta definitiva para pentesters, geeks, hackers \u00e9ticos y aficionados al hardware por igual. Un dispositivo de bolsillo combina m\u00faltiples herramientas: RFID, RF, infrarrojos, emulaci\u00f3n HID, GPIO, depuraci\u00f3n de hardware, 1-Wire, Bluetooth, Wifi y m\u00e1s.<\/p>\n\n\n\n<p>Totalmente independiente, el Flipper Zero no necesita ning\u00fan ordenador o hardware externo para funcionar &#8211; todo se controla con el bot\u00f3n de navegaci\u00f3n de 5 direcciones y la pantalla LCD. Cuando se conecta a un ordenador o a las aplicaciones Android\/iOS incluidas, el Flipper puede ampliarse, modificarse, actualizarse y actualizarse de acuerdo con sus necesidades.<\/p>\n<\/div>\n\n\n\n<div class=\"wp-block-column is-layout-flow wp-block-column-is-layout-flow\">\n<p>Inspirado en grandes proyectos de c\u00f3digo abierto: Proxmark, HydraNFC, Rubber Ducky, pwnagotchi &#8211; el Flipper Zero logra empacar una gran funcionalidad en un peque\u00f1o dispositivo fabricado profesionalmente &#8211; y se mantiene fiel a sus ra\u00edces de C\u00f3digo Abierto.<\/p>\n\n\n\n<p>Tras m\u00e1s de dos a\u00f1os de dise\u00f1o meticuloso, creaci\u00f3n de prototipos e iteraci\u00f3n, el Flipper Zero es una plataforma madura, lista para usar nada m\u00e1s sacarla de la caja, que satisface las necesidades de profesionales y entusiastas por igual.<\/p>\n<\/div>\n<\/div>\n\n\n\n<div class=\"wp-block-columns is-layout-flex wp-container-core-columns-is-layout-28f84493 wp-block-columns-is-layout-flex\">\n<div class=\"wp-block-column is-layout-flow wp-block-column-is-layout-flow\">\n<h3 class=\"wp-block-heading\">Transceptor RF<\/h3>\n\n\n\n<p>La Flipper Zero contiene una plataforma de RF totalmente controlable, basada en el chip TI CC1101, que permite la captura, el an\u00e1lisis y la transmisi\u00f3n de se\u00f1ales de RF.<\/p>\n\n\n\n<p>El Flipper Zero dispone de una biblioteca integrada de algoritmos comunes de control remoto para la captura, decodificaci\u00f3n y an\u00e1lisis y reproducci\u00f3n de se\u00f1ales.<\/p>\n\n\n\n<p>Los usuarios tienen&nbsp;<strong>pleno acceso<\/strong>&nbsp;al subsistema de radio, lo que permite construir f\u00e1cilmente m\u00f3dulos de RF personalizados.<\/p>\n\n\n\n<figure class=\"wp-block-video\"><video autoplay controls loop muted src=\"https:\/\/ciberdefensachile.com\/wp-content\/uploads\/2026\/01\/FlipperZero_-_SDR_-_RF_Capture_Replay.webm\" playsinline><\/video><\/figure>\n<\/div>\n\n\n\n<div class=\"wp-block-column is-layout-flow wp-block-column-is-layout-flow\">\n<h3 class=\"wp-block-heading\">Lector\/Escritor\/Emulador NFC y RFID<\/h3>\n\n\n\n<p>La Flipper Zero permite leer, escribir y emular etiquetas RFID de alta frecuencia (13,56MHz) y de baja frecuencia (125KHz).<\/p>\n\n\n\n<p>Las etiquetas de<strong>baja<\/strong>&nbsp;frecuencia pueden leerse f\u00e1cilmente, guardarse, clonarse en una nueva tarjeta o exportarse para su an\u00e1lisis.<\/p>\n\n\n\n<p>Soporta m\u00faltiples protocolos de&nbsp;<strong>Alta<\/strong>&nbsp;Frecuencia, y Flipper Zero puede incluso olfatear nonces de autentificaci\u00f3n para extraer claves MIFARE desconocidas.<\/p>\n\n\n\n<figure class=\"wp-block-video\"><video autoplay controls loop muted src=\"https:\/\/ciberdefensachile.com\/wp-content\/uploads\/2026\/01\/Flipper_Zero_-_RFID_125KHz_13-56Mhz_MIFARE_Emulation_Cracking.webm\" playsinline><\/video><\/figure>\n<\/div>\n<\/div>\n\n\n\n<div class=\"wp-block-columns is-layout-flex wp-container-core-columns-is-layout-28f84493 wp-block-columns-is-layout-flex\">\n<div class=\"wp-block-column is-layout-flow wp-block-column-is-layout-flow\">\n<h3 class=\"wp-block-heading\">Transceptor de infrarrojos<\/h3>\n\n\n\n<p>La Flipper Zero cuenta con un potente transceptor de infrarrojos totalmente programable para la captura y reproducci\u00f3n de se\u00f1ales de infrarrojos.<\/p>\n\n\n\n<p>Incluye una biblioteca de se\u00f1ales para cientos de dispositivos controlados por infrarrojos: televisores, equipos de m\u00fasica, aire acondicionado, etc.<\/p>\n\n\n\n<figure class=\"wp-block-video\"><video autoplay controls loop muted src=\"https:\/\/ciberdefensachile.com\/wp-content\/uploads\/2026\/01\/Flipper_Zero_-_IR_Transceiver_-_Universal_Remote_Control.webm\" playsinline><\/video><\/figure>\n<\/div>\n\n\n\n<div class=\"wp-block-column is-layout-flow wp-block-column-is-layout-flow\">\n<h3 class=\"wp-block-heading\">Pinouts GPIO<\/h3>\n\n\n\n<p>Los pines GPIO y las tarjetas de conexi\u00f3n permiten controlar los dispositivos electr\u00f3nicos directamente a trav\u00e9s del Flipper.<\/p>\n\n\n\n<p>El Flipper tambi\u00e9n puede ser utilizado como un puente USB a SPI\/UART\/I2C para depurar, flashear y hacer fuzzing. Colocar m\u00f3dulos para expandir sus capacidades.<\/p>\n\n\n\n<figure class=\"wp-block-video\"><video autoplay controls loop muted src=\"https:\/\/ciberdefensachile.com\/wp-content\/uploads\/2026\/01\/Flipper_Zero_-_GPIO.webm\" playsinline><\/video><\/figure>\n<\/div>\n<\/div>\n\n\n\n<div class=\"wp-block-columns is-layout-flex wp-container-core-columns-is-layout-28f84493 wp-block-columns-is-layout-flex\">\n<div class=\"wp-block-column is-layout-flow wp-block-column-is-layout-flow\">\n<h3 class=\"wp-block-heading\">C\u00f3digo abierto y ampliable<\/h3>\n\n\n\n<p>La Flipper Zero es 100% Open-Source &amp; Open-Hardware, con fuente de firmware, esquemas, SDKs multiplataforma y herramientas de escritorio y m\u00f3viles disponibles.<\/p>\n\n\n\n<p>Todos los componentes de hardware y firmware del dispositivo est\u00e1n disponibles, lo que permite una completa personalizaci\u00f3n &#8211; desde r\u00e1pidos plugins de Arduino hasta m\u00f3dulos de hardware enchufables.<\/p>\n\n\n\n<figure class=\"wp-block-video\"><video autoplay controls loop muted src=\"https:\/\/ciberdefensachile.com\/wp-content\/uploads\/2026\/01\/Flipper_Zero_-_Wifi_Card.webm\" playsinline><\/video><\/figure>\n<\/div>\n\n\n\n<div class=\"wp-block-column is-layout-flow wp-block-column-is-layout-flow\">\n<h3 class=\"wp-block-heading\">iButton<\/h3>\n\n\n\n<p>El Flipper tiene incorporados puntos de contacto de 1 hilo para leer\/escribir y emular etiquetas \u00abiButton\u00bb (TouchMemory \/ Dallas Keys).<\/p>\n\n\n\n<p>Las teclas se pueden guardar, exportar, escribir en nuevas etiquetas o emular directamente. Los puntos de contacto act\u00faan como lectura y problema simult\u00e1neamente para interceptar los datos de 1-Wire.<\/p>\n\n\n\n<figure class=\"wp-block-image size-large\"><img decoding=\"async\" src=\"https:\/\/ciberdefensachile.com\/wp-content\/uploads\/2026\/01\/zero_landing_ibutton_emulating-1024x619.jpg\" alt=\"\" class=\"wp-image-896\"\/><\/figure>\n<\/div>\n<\/div>\n\n\n\n<div class=\"wp-block-columns is-layout-flex wp-container-core-columns-is-layout-28f84493 wp-block-columns-is-layout-flex\">\n<div class=\"wp-block-column is-layout-flow wp-block-column-is-layout-flow\">\n<h3 class=\"wp-block-heading\">Almacenamiento ampliable<\/h3>\n\n\n\n<p>Cada Flipper Zero dispone de una ranura para tarjetas microSD, lo que permite un espacio de almacenamiento de hasta 64 GB para sus etiquetas RFID, mandos a distancia, se\u00f1ales capturadas, plugins, m\u00f3dulos, etc.<\/p>\n\n\n\n<p>Flipper utiliza la interfaz SPI de la tarjeta microSD, por lo que es importante&nbsp;<strong>utilizar \u00fanicamente<\/strong>&nbsp;tarjetas&nbsp;<strong>leg\u00edtimas de la marca<\/strong>. Los Packs Est\u00e1ndar y Completo vienen con tarjetas microSD probadas directamente de Kingston para ahorrarle tiempo y dinero.<\/p>\n\n\n\n<figure class=\"wp-block-video\"><video autoplay controls loop muted src=\"https:\/\/ciberdefensachile.com\/wp-content\/uploads\/2026\/01\/Flipper_Sd_Mount3_compressed.mp4\" playsinline><\/video><\/figure>\n<\/div>\n\n\n\n<div class=\"wp-block-column is-layout-flow wp-block-column-is-layout-flow\">\n<h3 class=\"wp-block-heading\">Funcionalidad inal\u00e1mbrica<\/h3>\n\n\n\n<p>La Flipper tiene Bluetooth incorporado, lo que permite la comunicaci\u00f3n directa con aplicaciones m\u00f3viles, y es compatible con Wifi a trav\u00e9s del m\u00f3dulo de desarrollo Wifi.<\/p>\n\n\n\n<p>Como ventaja adicional, varios Flippers pueden comunicarse entre s\u00ed a trav\u00e9s de 433MHz, permiti\u00e9ndole encontrar y chatear con amigos equipados con Flipper.<\/p>\n\n\n\n<p>Puedes manejar tu Flipper Zero remotamente sin necesidad de sacarlo de tu bolsillo.<\/p>\n\n\n\n<figure class=\"wp-block-image size-full\"><img decoding=\"async\" src=\"https:\/\/ciberdefensachile.com\/wp-content\/uploads\/2026\/01\/3GUDYkC5JgUWgo6RW8piO-I8DCWBiojEhIzbSs1zj7H-20241107-102538.webp\" alt=\"\" class=\"wp-image-903\"\/><\/figure>\n<\/div>\n<\/div>\n\n\n\n<div class=\"wp-block-columns has-ast-global-color-2-background-color has-background is-layout-flex wp-container-core-columns-is-layout-28f84493 wp-block-columns-is-layout-flex\">\n<div class=\"wp-block-column is-layout-flow wp-block-column-is-layout-flow\">\n<h3 class=\"wp-block-heading has-ast-global-color-4-color has-text-color has-link-color wp-elements-5f6d725b397b4f4c5640a04f018013fc\">Oficinas<\/h3>\n\n\n\n<p>Tienda Online despacho a todo Chile<\/p>\n\n\n\n<p>Lunes a Viernes: 09:00 a 18:00 hrs<\/p>\n\n\n\n<p>Tel\u00e9fono: +56 9 8279 2359<\/p>\n<\/div>\n\n\n\n<div class=\"wp-block-column is-layout-flow wp-block-column-is-layout-flow\">\n<h3 class=\"wp-block-heading has-ast-global-color-4-color has-text-color has-link-color wp-elements-865229c25a0e1c59603dcb7f34e37daa\">Nuestras redes<\/h3>\n\n\n\n<div class=\"wp-block-columns is-layout-flex wp-container-core-columns-is-layout-28f84493 wp-block-columns-is-layout-flex\">\n<div class=\"wp-block-column is-layout-flow wp-block-column-is-layout-flow\">\n<figure class=\"wp-block-image size-full is-resized\"><a href=\"https:\/\/www.instagram.com\/ciberdefensa.chile\"><img decoding=\"async\" src=\"https:\/\/ciberdefensachile.com\/wp-content\/uploads\/2026\/01\/instagram.png\" alt=\"\" class=\"wp-image-751\" style=\"width:34px\"\/><\/a><\/figure>\n<\/div>\n\n\n\n<div class=\"wp-block-column is-layout-flow wp-block-column-is-layout-flow\">\n<figure class=\"wp-block-image size-full is-resized\"><a href=\"https:\/\/web.facebook.com\/profile.php?id=61579848975657\"><img decoding=\"async\" src=\"https:\/\/ciberdefensachile.com\/wp-content\/uploads\/2026\/01\/facebook.png\" alt=\"\" class=\"wp-image-752\" style=\"width:34px\"\/><\/a><\/figure>\n<\/div>\n\n\n\n<div class=\"wp-block-column is-layout-flow wp-block-column-is-layout-flow\">\n<figure class=\"wp-block-image size-full is-resized\"><a href=\"https:\/\/www.tiktok.com\/@ciberdefensachile_com\"><img decoding=\"async\" src=\"https:\/\/ciberdefensachile.com\/wp-content\/uploads\/2026\/01\/tik-tok.png\" alt=\"\" class=\"wp-image-753\" style=\"width:34px\"\/><\/a><\/figure>\n<\/div>\n<\/div>\n\n\n\n<div class=\"wp-block-columns is-layout-flex wp-container-core-columns-is-layout-28f84493 wp-block-columns-is-layout-flex\">\n<div class=\"wp-block-column is-layout-flow wp-block-column-is-layout-flow\">\n<figure class=\"wp-block-image size-full is-resized\"><a href=\"https:\/\/api.whatsapp.com\/send?phone=56982792359\"><img decoding=\"async\" src=\"https:\/\/ciberdefensachile.com\/wp-content\/uploads\/2026\/01\/whatsapp.png\" alt=\"\" class=\"wp-image-758\" style=\"width:34px\"\/><\/a><\/figure>\n<\/div>\n\n\n\n<div class=\"wp-block-column is-layout-flow wp-block-column-is-layout-flow\">\n<figure class=\"wp-block-image size-full is-resized\"><a href=\"https:\/\/www.youtube.com\/@FlipperZeroChile\"><img decoding=\"async\" src=\"https:\/\/ciberdefensachile.com\/wp-content\/uploads\/2026\/01\/youtube.png\" alt=\"\" class=\"wp-image-759\" style=\"width:34px\"\/><\/a><\/figure>\n<\/div>\n\n\n\n<div class=\"wp-block-column is-layout-flow wp-block-column-is-layout-flow\">\n<figure class=\"wp-block-image size-full is-resized\"><a href=\"https:\/\/x.com\/flipperzerocl\"><img decoding=\"async\" src=\"https:\/\/ciberdefensachile.com\/wp-content\/uploads\/2026\/01\/logotipos.png\" alt=\"\" class=\"wp-image-760\" style=\"width:34px\"\/><\/a><\/figure>\n<\/div>\n<\/div>\n\n\n\n<p>soporte@ciberdefensachile.store<\/p>\n<\/div>\n\n\n\n<div class=\"wp-block-column is-layout-flow wp-block-column-is-layout-flow\">\n<h3 class=\"wp-block-heading has-ast-global-color-4-color has-text-color has-link-color wp-elements-a5959fd33d276063c7df333234c67d0c\">Informaci\u00f3n Legal<\/h3>\n\n\n\n<p class=\"has-ast-global-color-3-color has-text-color has-link-color wp-elements-877336922b97a377e2ce2a9ecec6b0ac\"><a href=\"https:\/\/ciberdefensachile.com\/politica-de-privacidad\/\" data-type=\"link\" data-id=\"https:\/\/ciberdefensachile.com\/politica-de-privacidad\/\">Pol\u00edticas de privacidad<\/a><\/p>\n\n\n\n<p class=\"has-ast-global-color-3-color has-text-color has-link-color wp-elements-ebd9415dfa7d356c83f1caaf8eb163d7\"><a href=\"https:\/\/ciberdefensachile.com\/terminos-y-condiciones\/\" data-type=\"link\" data-id=\"https:\/\/ciberdefensachile.com\/terminos-y-condiciones\/\">T\u00e9rminos y condiciones<\/a><\/p>\n\n\n\n<p class=\"has-ast-global-color-3-color has-text-color has-link-color wp-elements-5ee0da520f00d5581a727b4692dfdb83\"><a href=\"https:\/\/ciberdefensachile.com\/descargo-de-responsabilida\/\" data-type=\"link\" data-id=\"https:\/\/ciberdefensachile.com\/descargo-de-responsabilida\/\">Descargo de responsabilidad<\/a><\/p>\n<\/div>\n<\/div>\n","protected":false},"excerpt":{"rendered":"<p>Se requiere una&nbsp;tarjeta microSD para usar el dispositivo.&nbsp;No se incluye Flipper Zero $399.990 Flipper Zero llega a ti con: Introducci\u00f3n [&hellip;]<\/p>\n","protected":false},"author":1,"featured_media":0,"parent":0,"menu_order":0,"comment_status":"closed","ping_status":"closed","template":"","meta":{"site-sidebar-layout":"default","site-content-layout":"","ast-site-content-layout":"default","site-content-style":"default","site-sidebar-style":"default","ast-global-header-display":"","ast-banner-title-visibility":"","ast-main-header-display":"","ast-hfb-above-header-display":"","ast-hfb-below-header-display":"","ast-hfb-mobile-header-display":"","site-post-title":"disabled","ast-breadcrumbs-content":"","ast-featured-img":"","footer-sml-layout":"","theme-transparent-header-meta":"","adv-header-id-meta":"","stick-header-meta":"","header-above-stick-meta":"","header-main-stick-meta":"","header-below-stick-meta":"","astra-migrate-meta-layouts":"default","ast-page-background-enabled":"default","ast-page-background-meta":{"desktop":{"background-color":"var(--ast-global-color-5)","background-image":"","background-repeat":"repeat","background-position":"center center","background-size":"auto","background-attachment":"scroll","background-type":"","background-media":"","overlay-type":"","overlay-color":"","overlay-opacity":"","overlay-gradient":""},"tablet":{"background-color":"","background-image":"","background-repeat":"repeat","background-position":"center center","background-size":"auto","background-attachment":"scroll","background-type":"","background-media":"","overlay-type":"","overlay-color":"","overlay-opacity":"","overlay-gradient":""},"mobile":{"background-color":"","background-image":"","background-repeat":"repeat","background-position":"center center","background-size":"auto","background-attachment":"scroll","background-type":"","background-media":"","overlay-type":"","overlay-color":"","overlay-opacity":"","overlay-gradient":""}},"ast-content-background-meta":{"desktop":{"background-color":"var(--ast-global-color-4)","background-image":"","background-repeat":"repeat","background-position":"center center","background-size":"auto","background-attachment":"scroll","background-type":"","background-media":"","overlay-type":"","overlay-color":"","overlay-opacity":"","overlay-gradient":""},"tablet":{"background-color":"var(--ast-global-color-4)","background-image":"","background-repeat":"repeat","background-position":"center center","background-size":"auto","background-attachment":"scroll","background-type":"","background-media":"","overlay-type":"","overlay-color":"","overlay-opacity":"","overlay-gradient":""},"mobile":{"background-color":"var(--ast-global-color-4)","background-image":"","background-repeat":"repeat","background-position":"center center","background-size":"auto","background-attachment":"scroll","background-type":"","background-media":"","overlay-type":"","overlay-color":"","overlay-opacity":"","overlay-gradient":""}},"footnotes":""},"class_list":["post-392","page","type-page","status-publish","hentry"],"_links":{"self":[{"href":"https:\/\/ciberdefensachile.store\/index.php\/wp-json\/wp\/v2\/pages\/392","targetHints":{"allow":["GET"]}}],"collection":[{"href":"https:\/\/ciberdefensachile.store\/index.php\/wp-json\/wp\/v2\/pages"}],"about":[{"href":"https:\/\/ciberdefensachile.store\/index.php\/wp-json\/wp\/v2\/types\/page"}],"author":[{"embeddable":true,"href":"https:\/\/ciberdefensachile.store\/index.php\/wp-json\/wp\/v2\/users\/1"}],"replies":[{"embeddable":true,"href":"https:\/\/ciberdefensachile.store\/index.php\/wp-json\/wp\/v2\/comments?post=392"}],"version-history":[{"count":16,"href":"https:\/\/ciberdefensachile.store\/index.php\/wp-json\/wp\/v2\/pages\/392\/revisions"}],"predecessor-version":[{"id":470,"href":"https:\/\/ciberdefensachile.store\/index.php\/wp-json\/wp\/v2\/pages\/392\/revisions\/470"}],"wp:attachment":[{"href":"https:\/\/ciberdefensachile.store\/index.php\/wp-json\/wp\/v2\/media?parent=392"}],"curies":[{"name":"wp","href":"https:\/\/api.w.org\/{rel}","templated":true}]}}